{"id":18,"date":"2021-11-09T18:37:19","date_gmt":"2021-11-09T18:37:19","guid":{"rendered":"https:\/\/chrysbb.it\/?page_id=18"},"modified":"2021-11-09T20:26:50","modified_gmt":"2021-11-09T20:26:50","slug":"camere","status":"publish","type":"page","link":"https:\/\/chrysbb.it\/index.php\/camere\/","title":{"rendered":"Camere"},"content":{"rendered":"\n<p class=\"has-black-color has-text-color\">La nostra struttura \u00e8 concepita per soddisfare al meglio le esigenze degli ospiti, offrendo camere arredate con eleganza, funzionalit\u00e0 ed ogni comfort.<strong> <\/strong>La vista panoramica rende ancor pi\u00f9 affascinante ed accogliente l&#8217;ambiente che ci circonda, in perfetto stile montano rustico. Gli spazi sono arredati e colorati in perfetto stile di montagna.<br><\/p>\n\n\n\n<figure class=\"wp-block-gallery columns-2 is-cropped wp-block-gallery-1 is-layout-flex wp-block-gallery-is-layout-flex\"><ul class=\"blocks-gallery-grid\"><li class=\"blocks-gallery-item\"><figure><img loading=\"lazy\" decoding=\"async\" width=\"1024\" height=\"768\" src=\"https:\/\/chrysbb.it\/wp-content\/uploads\/2021\/11\/6ab559a3-8674-4ee5-a9e7-a32df4215dc8-2-1024x768.jpg\" alt=\"\" data-id=\"123\" data-full-url=\"https:\/\/chrysbb.it\/wp-content\/uploads\/2021\/11\/6ab559a3-8674-4ee5-a9e7-a32df4215dc8-2.jpg\" data-link=\"https:\/\/chrysbb.it\/index.php\/camere\/6ab559a3-8674-4ee5-a9e7-a32df4215dc8-2\/\" class=\"wp-image-123\" srcset=\"https:\/\/chrysbb.it\/wp-content\/uploads\/2021\/11\/6ab559a3-8674-4ee5-a9e7-a32df4215dc8-2-1024x768.jpg 1024w, https:\/\/chrysbb.it\/wp-content\/uploads\/2021\/11\/6ab559a3-8674-4ee5-a9e7-a32df4215dc8-2-300x225.jpg 300w, https:\/\/chrysbb.it\/wp-content\/uploads\/2021\/11\/6ab559a3-8674-4ee5-a9e7-a32df4215dc8-2-768x576.jpg 768w, https:\/\/chrysbb.it\/wp-content\/uploads\/2021\/11\/6ab559a3-8674-4ee5-a9e7-a32df4215dc8-2-1536x1152.jpg 1536w, https:\/\/chrysbb.it\/wp-content\/uploads\/2021\/11\/6ab559a3-8674-4ee5-a9e7-a32df4215dc8-2-320x240.jpg 320w, https:\/\/chrysbb.it\/wp-content\/uploads\/2021\/11\/6ab559a3-8674-4ee5-a9e7-a32df4215dc8-2.jpg 1600w\" sizes=\"auto, (max-width: 1024px) 100vw, 1024px\" \/><\/figure><\/li><li class=\"blocks-gallery-item\"><figure><img loading=\"lazy\" decoding=\"async\" width=\"1024\" height=\"768\" src=\"https:\/\/chrysbb.it\/wp-content\/uploads\/2021\/11\/67949958_101542257877403_3484681317147213824_n-1-1024x768.jpg\" alt=\"\" data-id=\"124\" data-full-url=\"https:\/\/chrysbb.it\/wp-content\/uploads\/2021\/11\/67949958_101542257877403_3484681317147213824_n-1.jpg\" data-link=\"https:\/\/chrysbb.it\/index.php\/camere\/67949958_101542257877403_3484681317147213824_n-1\/\" class=\"wp-image-124\" srcset=\"https:\/\/chrysbb.it\/wp-content\/uploads\/2021\/11\/67949958_101542257877403_3484681317147213824_n-1-1024x768.jpg 1024w, https:\/\/chrysbb.it\/wp-content\/uploads\/2021\/11\/67949958_101542257877403_3484681317147213824_n-1-300x225.jpg 300w, https:\/\/chrysbb.it\/wp-content\/uploads\/2021\/11\/67949958_101542257877403_3484681317147213824_n-1-768x576.jpg 768w, https:\/\/chrysbb.it\/wp-content\/uploads\/2021\/11\/67949958_101542257877403_3484681317147213824_n-1-1536x1152.jpg 1536w, https:\/\/chrysbb.it\/wp-content\/uploads\/2021\/11\/67949958_101542257877403_3484681317147213824_n-1-320x240.jpg 320w, https:\/\/chrysbb.it\/wp-content\/uploads\/2021\/11\/67949958_101542257877403_3484681317147213824_n-1.jpg 1600w\" sizes=\"auto, (max-width: 1024px) 100vw, 1024px\" \/><\/figure><\/li><\/ul><\/figure>\n\n\n\n<figure class=\"wp-block-gallery columns-2 is-cropped wp-block-gallery-2 is-layout-flex wp-block-gallery-is-layout-flex\"><ul class=\"blocks-gallery-grid\"><li class=\"blocks-gallery-item\"><figure><img loading=\"lazy\" decoding=\"async\" width=\"1024\" height=\"683\" src=\"https:\/\/chrysbb.it\/wp-content\/uploads\/2021\/11\/68531473_101542057877423_8456744761343082496_n-1-1024x683.jpg\" alt=\"\" data-id=\"125\" data-full-url=\"https:\/\/chrysbb.it\/wp-content\/uploads\/2021\/11\/68531473_101542057877423_8456744761343082496_n-1.jpg\" data-link=\"https:\/\/chrysbb.it\/index.php\/camere\/68531473_101542057877423_8456744761343082496_n-1\/\" class=\"wp-image-125\" srcset=\"https:\/\/chrysbb.it\/wp-content\/uploads\/2021\/11\/68531473_101542057877423_8456744761343082496_n-1-1024x683.jpg 1024w, https:\/\/chrysbb.it\/wp-content\/uploads\/2021\/11\/68531473_101542057877423_8456744761343082496_n-1-300x200.jpg 300w, https:\/\/chrysbb.it\/wp-content\/uploads\/2021\/11\/68531473_101542057877423_8456744761343082496_n-1-768x512.jpg 768w, https:\/\/chrysbb.it\/wp-content\/uploads\/2021\/11\/68531473_101542057877423_8456744761343082496_n-1-1536x1024.jpg 1536w, https:\/\/chrysbb.it\/wp-content\/uploads\/2021\/11\/68531473_101542057877423_8456744761343082496_n-1.jpg 2048w\" sizes=\"auto, (max-width: 1024px) 100vw, 1024px\" \/><\/figure><\/li><li class=\"blocks-gallery-item\"><figure><img loading=\"lazy\" decoding=\"async\" width=\"1024\" height=\"683\" src=\"https:\/\/chrysbb.it\/wp-content\/uploads\/2021\/11\/68700779_101542117877417_633623644571959296_n-2-1024x683.jpg\" alt=\"\" data-id=\"126\" data-full-url=\"https:\/\/chrysbb.it\/wp-content\/uploads\/2021\/11\/68700779_101542117877417_633623644571959296_n-2.jpg\" data-link=\"https:\/\/chrysbb.it\/index.php\/camere\/68700779_101542117877417_633623644571959296_n-2\/\" class=\"wp-image-126\" srcset=\"https:\/\/chrysbb.it\/wp-content\/uploads\/2021\/11\/68700779_101542117877417_633623644571959296_n-2-1024x683.jpg 1024w, https:\/\/chrysbb.it\/wp-content\/uploads\/2021\/11\/68700779_101542117877417_633623644571959296_n-2-300x200.jpg 300w, https:\/\/chrysbb.it\/wp-content\/uploads\/2021\/11\/68700779_101542117877417_633623644571959296_n-2-768x512.jpg 768w, https:\/\/chrysbb.it\/wp-content\/uploads\/2021\/11\/68700779_101542117877417_633623644571959296_n-2-1536x1024.jpg 1536w, https:\/\/chrysbb.it\/wp-content\/uploads\/2021\/11\/68700779_101542117877417_633623644571959296_n-2.jpg 2048w\" sizes=\"auto, (max-width: 1024px) 100vw, 1024px\" \/><\/figure><\/li><\/ul><\/figure>\n\n\n\n<figure class=\"wp-block-gallery columns-2 is-cropped wp-block-gallery-3 is-layout-flex wp-block-gallery-is-layout-flex\"><ul class=\"blocks-gallery-grid\"><li class=\"blocks-gallery-item\"><figure><img loading=\"lazy\" decoding=\"async\" width=\"1024\" height=\"683\" src=\"https:\/\/chrysbb.it\/wp-content\/uploads\/2021\/11\/3333-2-1024x683.jpg\" alt=\"\" data-id=\"127\" data-full-url=\"https:\/\/chrysbb.it\/wp-content\/uploads\/2021\/11\/3333-2.jpg\" data-link=\"https:\/\/chrysbb.it\/index.php\/camere\/3333-2\/\" class=\"wp-image-127\" srcset=\"https:\/\/chrysbb.it\/wp-content\/uploads\/2021\/11\/3333-2-1024x683.jpg 1024w, https:\/\/chrysbb.it\/wp-content\/uploads\/2021\/11\/3333-2-300x200.jpg 300w, https:\/\/chrysbb.it\/wp-content\/uploads\/2021\/11\/3333-2-768x512.jpg 768w, https:\/\/chrysbb.it\/wp-content\/uploads\/2021\/11\/3333-2-1536x1024.jpg 1536w, https:\/\/chrysbb.it\/wp-content\/uploads\/2021\/11\/3333-2.jpg 2048w\" sizes=\"auto, (max-width: 1024px) 100vw, 1024px\" \/><\/figure><\/li><li class=\"blocks-gallery-item\"><figure><img loading=\"lazy\" decoding=\"async\" width=\"1024\" height=\"683\" src=\"https:\/\/chrysbb.it\/wp-content\/uploads\/2021\/11\/307004076-1.jpg\" alt=\"\" data-id=\"128\" data-full-url=\"https:\/\/chrysbb.it\/wp-content\/uploads\/2021\/11\/307004076-1.jpg\" data-link=\"https:\/\/chrysbb.it\/index.php\/camere\/307004076-1\/\" class=\"wp-image-128\" srcset=\"https:\/\/chrysbb.it\/wp-content\/uploads\/2021\/11\/307004076-1.jpg 1024w, https:\/\/chrysbb.it\/wp-content\/uploads\/2021\/11\/307004076-1-300x200.jpg 300w, https:\/\/chrysbb.it\/wp-content\/uploads\/2021\/11\/307004076-1-768x512.jpg 768w\" sizes=\"auto, (max-width: 1024px) 100vw, 1024px\" \/><\/figure><\/li><\/ul><\/figure>\n","protected":false},"excerpt":{"rendered":"<p>La nostra struttura \u00e8 concepita per soddisfare al meglio le esigenze degli ospiti, offrendo camere arredate con eleganza, funzionalit\u00e0 ed ogni comfort. La vista panoramica rende ancor pi\u00f9 affascinante ed accogliente l&#8217;ambiente che ci circonda, in perfetto stile montano rustico. Gli spazi sono arredati e colorati in perfetto stile di montagna.<\/p>\n","protected":false},"author":1,"featured_media":0,"parent":0,"menu_order":0,"comment_status":"closed","ping_status":"closed","template":"","meta":{"footnotes":""},"class_list":["post-18","page","type-page","status-publish","hentry"],"yoast_head":"<!-- This site is optimized with the Yoast SEO plugin v27.4 - https:\/\/yoast.com\/product\/yoast-seo-wordpress\/ -->\n<title>Camere - Il tuo Bed &amp; Breakfast<\/title>\n<meta name=\"robots\" content=\"index, follow, max-snippet:-1, max-image-preview:large, max-video-preview:-1\" \/>\n<link rel=\"canonical\" href=\"https:\/\/chrysbb.it\/index.php\/camere\/\" \/>\n<meta property=\"og:locale\" content=\"it_IT\" \/>\n<meta property=\"og:type\" content=\"article\" \/>\n<meta property=\"og:title\" content=\"Camere - Il tuo Bed &amp; Breakfast\" \/>\n<meta property=\"og:description\" content=\"La nostra struttura \u00e8 concepita per soddisfare al meglio le esigenze degli ospiti, offrendo camere arredate con eleganza, funzionalit\u00e0 ed ogni comfort. La vista panoramica rende ancor pi\u00f9 affascinante ed accogliente l&#8217;ambiente che ci circonda, in perfetto stile montano rustico. Gli spazi sono arredati e colorati in perfetto stile di montagna.\" \/>\n<meta property=\"og:url\" content=\"https:\/\/chrysbb.it\/index.php\/camere\/\" \/>\n<meta property=\"og:site_name\" content=\"Il tuo Bed &amp; Breakfast\" \/>\n<meta property=\"article:modified_time\" content=\"2021-11-09T20:26:50+00:00\" \/>\n<meta property=\"og:image\" content=\"https:\/\/chrysbb.it\/wp-content\/uploads\/2021\/11\/6ab559a3-8674-4ee5-a9e7-a32df4215dc8-2-1024x768.jpg\" \/>\n<meta name=\"twitter:card\" content=\"summary_large_image\" \/>\n<meta name=\"twitter:label1\" content=\"Tempo di lettura stimato\" \/>\n\t<meta name=\"twitter:data1\" content=\"2 minuti\" \/>\n<script type=\"application\/ld+json\" class=\"yoast-schema-graph\">{\"@context\":\"https:\\\/\\\/schema.org\",\"@graph\":[{\"@type\":\"WebPage\",\"@id\":\"https:\\\/\\\/chrysbb.it\\\/index.php\\\/camere\\\/\",\"url\":\"https:\\\/\\\/chrysbb.it\\\/index.php\\\/camere\\\/\",\"name\":\"Camere - Il tuo Bed &amp; Breakfast\",\"isPartOf\":{\"@id\":\"https:\\\/\\\/chrysbb.it\\\/#website\"},\"primaryImageOfPage\":{\"@id\":\"https:\\\/\\\/chrysbb.it\\\/index.php\\\/camere\\\/#primaryimage\"},\"image\":{\"@id\":\"https:\\\/\\\/chrysbb.it\\\/index.php\\\/camere\\\/#primaryimage\"},\"thumbnailUrl\":\"https:\\\/\\\/chrysbb.it\\\/wp-content\\\/uploads\\\/2021\\\/11\\\/6ab559a3-8674-4ee5-a9e7-a32df4215dc8-2-1024x768.jpg\",\"datePublished\":\"2021-11-09T18:37:19+00:00\",\"dateModified\":\"2021-11-09T20:26:50+00:00\",\"breadcrumb\":{\"@id\":\"https:\\\/\\\/chrysbb.it\\\/index.php\\\/camere\\\/#breadcrumb\"},\"inLanguage\":\"it-IT\",\"potentialAction\":[{\"@type\":\"ReadAction\",\"target\":[\"https:\\\/\\\/chrysbb.it\\\/index.php\\\/camere\\\/\"]}]},{\"@type\":\"ImageObject\",\"inLanguage\":\"it-IT\",\"@id\":\"https:\\\/\\\/chrysbb.it\\\/index.php\\\/camere\\\/#primaryimage\",\"url\":\"https:\\\/\\\/chrysbb.it\\\/wp-content\\\/uploads\\\/2021\\\/11\\\/6ab559a3-8674-4ee5-a9e7-a32df4215dc8-2.jpg\",\"contentUrl\":\"https:\\\/\\\/chrysbb.it\\\/wp-content\\\/uploads\\\/2021\\\/11\\\/6ab559a3-8674-4ee5-a9e7-a32df4215dc8-2.jpg\",\"width\":1600,\"height\":1200},{\"@type\":\"BreadcrumbList\",\"@id\":\"https:\\\/\\\/chrysbb.it\\\/index.php\\\/camere\\\/#breadcrumb\",\"itemListElement\":[{\"@type\":\"ListItem\",\"position\":1,\"name\":\"Home\",\"item\":\"https:\\\/\\\/chrysbb.it\\\/\"},{\"@type\":\"ListItem\",\"position\":2,\"name\":\"Camere\"}]},{\"@type\":\"WebSite\",\"@id\":\"https:\\\/\\\/chrysbb.it\\\/#website\",\"url\":\"https:\\\/\\\/chrysbb.it\\\/\",\"name\":\"Il tuo Bed &amp; Breakfast\",\"description\":\"Immerso nella natura nel cuore delle alpi\",\"publisher\":{\"@id\":\"https:\\\/\\\/chrysbb.it\\\/#organization\"},\"potentialAction\":[{\"@type\":\"SearchAction\",\"target\":{\"@type\":\"EntryPoint\",\"urlTemplate\":\"https:\\\/\\\/chrysbb.it\\\/?s={search_term_string}\"},\"query-input\":{\"@type\":\"PropertyValueSpecification\",\"valueRequired\":true,\"valueName\":\"search_term_string\"}}],\"inLanguage\":\"it-IT\"},{\"@type\":\"Organization\",\"@id\":\"https:\\\/\\\/chrysbb.it\\\/#organization\",\"name\":\"Il tuo Bed &amp; Breakfast\",\"url\":\"https:\\\/\\\/chrysbb.it\\\/\",\"logo\":{\"@type\":\"ImageObject\",\"inLanguage\":\"it-IT\",\"@id\":\"https:\\\/\\\/chrysbb.it\\\/#\\\/schema\\\/logo\\\/image\\\/\",\"url\":\"https:\\\/\\\/chrysbb.it\\\/wp-content\\\/uploads\\\/2021\\\/11\\\/cropped-Logo.jpg\",\"contentUrl\":\"https:\\\/\\\/chrysbb.it\\\/wp-content\\\/uploads\\\/2021\\\/11\\\/cropped-Logo.jpg\",\"width\":409,\"height\":144,\"caption\":\"Il tuo Bed &amp; Breakfast\"},\"image\":{\"@id\":\"https:\\\/\\\/chrysbb.it\\\/#\\\/schema\\\/logo\\\/image\\\/\"}}]}<\/script>\n<!-- \/ Yoast SEO plugin. -->","yoast_head_json":{"title":"Camere - Il tuo Bed &amp; Breakfast","robots":{"index":"index","follow":"follow","max-snippet":"max-snippet:-1","max-image-preview":"max-image-preview:large","max-video-preview":"max-video-preview:-1"},"canonical":"https:\/\/chrysbb.it\/index.php\/camere\/","og_locale":"it_IT","og_type":"article","og_title":"Camere - Il tuo Bed &amp; Breakfast","og_description":"La nostra struttura \u00e8 concepita per soddisfare al meglio le esigenze degli ospiti, offrendo camere arredate con eleganza, funzionalit\u00e0 ed ogni comfort. La vista panoramica rende ancor pi\u00f9 affascinante ed accogliente l&#8217;ambiente che ci circonda, in perfetto stile montano rustico. Gli spazi sono arredati e colorati in perfetto stile di montagna.","og_url":"https:\/\/chrysbb.it\/index.php\/camere\/","og_site_name":"Il tuo Bed &amp; Breakfast","article_modified_time":"2021-11-09T20:26:50+00:00","og_image":[{"url":"https:\/\/chrysbb.it\/wp-content\/uploads\/2021\/11\/6ab559a3-8674-4ee5-a9e7-a32df4215dc8-2-1024x768.jpg","type":"","width":"","height":""}],"twitter_card":"summary_large_image","twitter_misc":{"Tempo di lettura stimato":"2 minuti"},"schema":{"@context":"https:\/\/schema.org","@graph":[{"@type":"WebPage","@id":"https:\/\/chrysbb.it\/index.php\/camere\/","url":"https:\/\/chrysbb.it\/index.php\/camere\/","name":"Camere - Il tuo Bed &amp; Breakfast","isPartOf":{"@id":"https:\/\/chrysbb.it\/#website"},"primaryImageOfPage":{"@id":"https:\/\/chrysbb.it\/index.php\/camere\/#primaryimage"},"image":{"@id":"https:\/\/chrysbb.it\/index.php\/camere\/#primaryimage"},"thumbnailUrl":"https:\/\/chrysbb.it\/wp-content\/uploads\/2021\/11\/6ab559a3-8674-4ee5-a9e7-a32df4215dc8-2-1024x768.jpg","datePublished":"2021-11-09T18:37:19+00:00","dateModified":"2021-11-09T20:26:50+00:00","breadcrumb":{"@id":"https:\/\/chrysbb.it\/index.php\/camere\/#breadcrumb"},"inLanguage":"it-IT","potentialAction":[{"@type":"ReadAction","target":["https:\/\/chrysbb.it\/index.php\/camere\/"]}]},{"@type":"ImageObject","inLanguage":"it-IT","@id":"https:\/\/chrysbb.it\/index.php\/camere\/#primaryimage","url":"https:\/\/chrysbb.it\/wp-content\/uploads\/2021\/11\/6ab559a3-8674-4ee5-a9e7-a32df4215dc8-2.jpg","contentUrl":"https:\/\/chrysbb.it\/wp-content\/uploads\/2021\/11\/6ab559a3-8674-4ee5-a9e7-a32df4215dc8-2.jpg","width":1600,"height":1200},{"@type":"BreadcrumbList","@id":"https:\/\/chrysbb.it\/index.php\/camere\/#breadcrumb","itemListElement":[{"@type":"ListItem","position":1,"name":"Home","item":"https:\/\/chrysbb.it\/"},{"@type":"ListItem","position":2,"name":"Camere"}]},{"@type":"WebSite","@id":"https:\/\/chrysbb.it\/#website","url":"https:\/\/chrysbb.it\/","name":"Il tuo Bed &amp; Breakfast","description":"Immerso nella natura nel cuore delle alpi","publisher":{"@id":"https:\/\/chrysbb.it\/#organization"},"potentialAction":[{"@type":"SearchAction","target":{"@type":"EntryPoint","urlTemplate":"https:\/\/chrysbb.it\/?s={search_term_string}"},"query-input":{"@type":"PropertyValueSpecification","valueRequired":true,"valueName":"search_term_string"}}],"inLanguage":"it-IT"},{"@type":"Organization","@id":"https:\/\/chrysbb.it\/#organization","name":"Il tuo Bed &amp; Breakfast","url":"https:\/\/chrysbb.it\/","logo":{"@type":"ImageObject","inLanguage":"it-IT","@id":"https:\/\/chrysbb.it\/#\/schema\/logo\/image\/","url":"https:\/\/chrysbb.it\/wp-content\/uploads\/2021\/11\/cropped-Logo.jpg","contentUrl":"https:\/\/chrysbb.it\/wp-content\/uploads\/2021\/11\/cropped-Logo.jpg","width":409,"height":144,"caption":"Il tuo Bed &amp; Breakfast"},"image":{"@id":"https:\/\/chrysbb.it\/#\/schema\/logo\/image\/"}}]}},"_links":{"self":[{"href":"https:\/\/chrysbb.it\/index.php\/wp-json\/wp\/v2\/pages\/18","targetHints":{"allow":["GET"]}}],"collection":[{"href":"https:\/\/chrysbb.it\/index.php\/wp-json\/wp\/v2\/pages"}],"about":[{"href":"https:\/\/chrysbb.it\/index.php\/wp-json\/wp\/v2\/types\/page"}],"author":[{"embeddable":true,"href":"https:\/\/chrysbb.it\/index.php\/wp-json\/wp\/v2\/users\/1"}],"replies":[{"embeddable":true,"href":"https:\/\/chrysbb.it\/index.php\/wp-json\/wp\/v2\/comments?post=18"}],"version-history":[{"count":8,"href":"https:\/\/chrysbb.it\/index.php\/wp-json\/wp\/v2\/pages\/18\/revisions"}],"predecessor-version":[{"id":130,"href":"https:\/\/chrysbb.it\/index.php\/wp-json\/wp\/v2\/pages\/18\/revisions\/130"}],"wp:attachment":[{"href":"https:\/\/chrysbb.it\/index.php\/wp-json\/wp\/v2\/media?parent=18"}],"curies":[{"name":"wp","href":"https:\/\/api.w.org\/{rel}","templated":true}]}}